{"id":129,"date":"2018-10-26T19:23:00","date_gmt":"2018-10-26T17:23:00","guid":{"rendered":"http:\/\/www.nms-gerasdorf.at\/?page_id=129"},"modified":"2026-01-09T18:59:11","modified_gmt":"2026-01-09T17:59:11","slug":"startseite","status":"publish","type":"page","link":"https:\/\/www.nms-gerasdorf.at\/","title":{"rendered":"Startseite"},"content":{"rendered":"\n\n\n<h2 class=\"wp-block-heading\"><\/h2>\n\n\n\n\n\n<figure class=\"wp-block-image size-large\"><a href=\"https:\/\/www.nms-gerasdorf.at\/?page_id=909\"><img loading=\"lazy\" decoding=\"async\" width=\"991\" height=\"1024\" src=\"https:\/\/www.nms-gerasdorf.at\/wp-content\/uploads\/2025\/12\/Anmeldung-NOeMS-Gerasdorf-fuer-2026_27.pdf-991x1024.jpg\" alt=\"\" class=\"wp-image-2976\" srcset=\"https:\/\/www.nms-gerasdorf.at\/wp-content\/uploads\/2025\/12\/Anmeldung-NOeMS-Gerasdorf-fuer-2026_27.pdf-991x1024.jpg 991w, https:\/\/www.nms-gerasdorf.at\/wp-content\/uploads\/2025\/12\/Anmeldung-NOeMS-Gerasdorf-fuer-2026_27.pdf-290x300.jpg 290w, https:\/\/www.nms-gerasdorf.at\/wp-content\/uploads\/2025\/12\/Anmeldung-NOeMS-Gerasdorf-fuer-2026_27.pdf-768x794.jpg 768w, https:\/\/www.nms-gerasdorf.at\/wp-content\/uploads\/2025\/12\/Anmeldung-NOeMS-Gerasdorf-fuer-2026_27.pdf.jpg 1414w\" sizes=\"auto, (max-width: 991px) 100vw, 991px\" \/><\/a><\/figure>\n\n\n\n<h2 class=\"wp-block-heading\">Zu den <a href=\"http:\/\/www.nms-gerasdorf.at\/?cat=3\">Neuigkeiten<\/a> der N\u00d6MS Gerasdorf.<\/h2>\n\n\n<div class=\"wp-block-image\">\n<figure class=\"alignleft\"><a href=\"http:\/\/www.nms-gerasdorf.at\/?cat=3\"><img loading=\"lazy\" decoding=\"async\" width=\"1024\" height=\"1024\" src=\"https:\/\/www.nms-gerasdorf.at\/wp-content\/uploads\/2022\/07\/WhatsApp-Image-2022-07-02-at-15.51.23-1024x1024.jpeg\" alt=\"\" class=\"wp-image-2062\" srcset=\"https:\/\/www.nms-gerasdorf.at\/wp-content\/uploads\/2022\/07\/WhatsApp-Image-2022-07-02-at-15.51.23-1024x1024.jpeg 1024w, https:\/\/www.nms-gerasdorf.at\/wp-content\/uploads\/2022\/07\/WhatsApp-Image-2022-07-02-at-15.51.23-150x150.jpeg 150w, https:\/\/www.nms-gerasdorf.at\/wp-content\/uploads\/2022\/07\/WhatsApp-Image-2022-07-02-at-15.51.23-300x300.jpeg 300w, https:\/\/www.nms-gerasdorf.at\/wp-content\/uploads\/2022\/07\/WhatsApp-Image-2022-07-02-at-15.51.23-768x768.jpeg 768w, https:\/\/www.nms-gerasdorf.at\/wp-content\/uploads\/2022\/07\/WhatsApp-Image-2022-07-02-at-15.51.23.jpeg 1920w\" sizes=\"auto, (max-width: 1024px) 100vw, 1024px\" \/><\/a><\/figure>\n<\/div>\n\n\n<p><\/p>\n\n\n\n<p>Wir arbeiten st\u00e4ndig daran uns zu verbessern, diese G\u00fctesiegel haben wir uns bereits verdient:<\/p>\n\n\n<div class=\"wp-block-image\">\n<figure class=\"aligncenter\"><img loading=\"lazy\" decoding=\"async\" width=\"1024\" height=\"165\" src=\"https:\/\/www.nms-gerasdorf.at\/wp-content\/uploads\/2021\/07\/G\u00fctesiegelbanner-1024x165.png\" alt=\"\" class=\"wp-image-1702\" srcset=\"https:\/\/www.nms-gerasdorf.at\/wp-content\/uploads\/2021\/07\/G\u00fctesiegelbanner-1024x165.png 1024w, https:\/\/www.nms-gerasdorf.at\/wp-content\/uploads\/2021\/07\/G\u00fctesiegelbanner-300x48.png 300w, https:\/\/www.nms-gerasdorf.at\/wp-content\/uploads\/2021\/07\/G\u00fctesiegelbanner-768x124.png 768w, https:\/\/www.nms-gerasdorf.at\/wp-content\/uploads\/2021\/07\/G\u00fctesiegelbanner-1920x311.png 1920w, https:\/\/www.nms-gerasdorf.at\/wp-content\/uploads\/2021\/07\/G\u00fctesiegelbanner.png 1926w\" sizes=\"auto, (max-width: 1024px) 100vw, 1024px\" \/><\/figure>\n<\/div>\n\n\n<div class=\"wp-block-columns is-layout-flex wp-container-core-columns-is-layout-9d6595d7 wp-block-columns-is-layout-flex\">\n<div class=\"wp-block-column is-layout-flow wp-block-column-is-layout-flow\"><div class=\"wp-block-image\">\n<figure class=\"aligncenter size-large is-resized\"><a href=\"https:\/\/www.mintschule.at\/\"><img loading=\"lazy\" decoding=\"async\" width=\"1024\" height=\"529\" src=\"https:\/\/www.nms-gerasdorf.at\/wp-content\/uploads\/2025\/09\/Guetsiegel_Mint-1024x529.png\" alt=\"\" class=\"wp-image-2928\" style=\"width:250px\" srcset=\"https:\/\/www.nms-gerasdorf.at\/wp-content\/uploads\/2025\/09\/Guetsiegel_Mint-1024x529.png 1024w, https:\/\/www.nms-gerasdorf.at\/wp-content\/uploads\/2025\/09\/Guetsiegel_Mint-300x155.png 300w, https:\/\/www.nms-gerasdorf.at\/wp-content\/uploads\/2025\/09\/Guetsiegel_Mint-768x396.png 768w, https:\/\/www.nms-gerasdorf.at\/wp-content\/uploads\/2025\/09\/Guetsiegel_Mint-1536x793.png 1536w, https:\/\/www.nms-gerasdorf.at\/wp-content\/uploads\/2025\/09\/Guetsiegel_Mint-2048x1057.png 2048w\" sizes=\"auto, (max-width: 1024px) 100vw, 1024px\" \/><\/a><\/figure>\n<\/div><\/div>\n\n\n\n<div class=\"wp-block-column is-layout-flow wp-block-column-is-layout-flow\"><div class=\"wp-block-image\">\n<figure class=\"aligncenter size-large is-resized\"><a href=\"https:\/\/www.playmit.com\/\"><img loading=\"lazy\" decoding=\"async\" width=\"1008\" height=\"1024\" src=\"https:\/\/www.nms-gerasdorf.at\/wp-content\/uploads\/2025\/07\/PlaymitLogoPartnerschulen-1008x1024.png\" alt=\"\" class=\"wp-image-2848\" style=\"width:150px\" srcset=\"https:\/\/www.nms-gerasdorf.at\/wp-content\/uploads\/2025\/07\/PlaymitLogoPartnerschulen-1008x1024.png 1008w, https:\/\/www.nms-gerasdorf.at\/wp-content\/uploads\/2025\/07\/PlaymitLogoPartnerschulen-295x300.png 295w, https:\/\/www.nms-gerasdorf.at\/wp-content\/uploads\/2025\/07\/PlaymitLogoPartnerschulen-768x780.png 768w, https:\/\/www.nms-gerasdorf.at\/wp-content\/uploads\/2025\/07\/PlaymitLogoPartnerschulen-1512x1536.png 1512w, https:\/\/www.nms-gerasdorf.at\/wp-content\/uploads\/2025\/07\/PlaymitLogoPartnerschulen-2016x2048.png 2016w\" sizes=\"auto, (max-width: 1008px) 100vw, 1008px\" \/><\/a><\/figure>\n<\/div><\/div>\n\n\n\n<div class=\"wp-block-column is-layout-flow wp-block-column-is-layout-flow\"><\/div>\n<\/div>\n\n\n\n<p><\/p>\n","protected":false},"excerpt":{"rendered":"<p>Zu den Neuigkeiten der N\u00d6MS Gerasdorf. Wir arbeiten st\u00e4ndig daran uns zu verbessern, diese G\u00fctesiegel haben wir uns bereits verdient:<\/p>\n","protected":false},"author":1,"featured_media":0,"parent":0,"menu_order":0,"comment_status":"closed","ping_status":"closed","template":"","meta":{"iawp_total_views":8459,"footnotes":""},"class_list":["post-129","page","type-page","status-publish","hentry"],"_links":{"self":[{"href":"https:\/\/www.nms-gerasdorf.at\/index.php?rest_route=\/wp\/v2\/pages\/129","targetHints":{"allow":["GET"]}}],"collection":[{"href":"https:\/\/www.nms-gerasdorf.at\/index.php?rest_route=\/wp\/v2\/pages"}],"about":[{"href":"https:\/\/www.nms-gerasdorf.at\/index.php?rest_route=\/wp\/v2\/types\/page"}],"author":[{"embeddable":true,"href":"https:\/\/www.nms-gerasdorf.at\/index.php?rest_route=\/wp\/v2\/users\/1"}],"replies":[{"embeddable":true,"href":"https:\/\/www.nms-gerasdorf.at\/index.php?rest_route=%2Fwp%2Fv2%2Fcomments&post=129"}],"version-history":[{"count":223,"href":"https:\/\/www.nms-gerasdorf.at\/index.php?rest_route=\/wp\/v2\/pages\/129\/revisions"}],"predecessor-version":[{"id":2991,"href":"https:\/\/www.nms-gerasdorf.at\/index.php?rest_route=\/wp\/v2\/pages\/129\/revisions\/2991"}],"wp:attachment":[{"href":"https:\/\/www.nms-gerasdorf.at\/index.php?rest_route=%2Fwp%2Fv2%2Fmedia&parent=129"}],"curies":[{"name":"wp","href":"https:\/\/api.w.org\/{rel}","templated":true}]}}