{"id":1293,"date":"2020-07-06T10:38:03","date_gmt":"2020-07-06T08:38:03","guid":{"rendered":"https:\/\/www.nms-gerasdorf.at\/?page_id=1293"},"modified":"2025-08-22T09:18:27","modified_gmt":"2025-08-22T07:18:27","slug":"bedarfsliste","status":"publish","type":"page","link":"https:\/\/www.nms-gerasdorf.at\/?page_id=1293","title":{"rendered":"Bedarfsliste 2025\/2026"},"content":{"rendered":"\n<p>Hier finden Sie die allgemeine Bedarfsliste f\u00fcr das kommende Schuljahr 2025\/2026.<br>In der ersten Schulwoche erhalten die Sch\u00fclerinnen eine erg\u00e4nzende Liste mit den ben\u00f6tigten Heften und Materialien f\u00fcr die einzelnen F\u00e4cher.<\/p>\n\n\n\n<div data-wp-interactive=\"core\/file\" class=\"wp-block-file\"><object data-wp-bind--hidden=\"!state.hasPdfPreview\" hidden class=\"wp-block-file__embed\" data=\"https:\/\/www.nms-gerasdorf.at\/wp-content\/uploads\/2025\/08\/Bedarfsliste-Schuljahr_2526.pdf\" type=\"application\/pdf\" style=\"width:100%;height:600px\" aria-label=\"Einbettung von Bedarfsliste Schuljahr_2526.\"><\/object><a id=\"wp-block-file--media-c83c0801-3dc3-474d-82ea-585ef82081d2\" href=\"https:\/\/www.nms-gerasdorf.at\/wp-content\/uploads\/2025\/08\/Bedarfsliste-Schuljahr_2526.pdf\">Bedarfsliste Schuljahr_2526<\/a><a href=\"https:\/\/www.nms-gerasdorf.at\/wp-content\/uploads\/2025\/08\/Bedarfsliste-Schuljahr_2526.pdf\" class=\"wp-block-file__button wp-element-button\" download aria-describedby=\"wp-block-file--media-c83c0801-3dc3-474d-82ea-585ef82081d2\">Herunterladen<\/a><\/div>\n","protected":false},"excerpt":{"rendered":"<p>Hier finden Sie die allgemeine Bedarfsliste f\u00fcr das kommende Schuljahr 2025\/2026.In der ersten Schulwoche erhalten die Sch\u00fclerinnen eine erg\u00e4nzende Liste[&#8230;]<\/p>\n","protected":false},"author":1,"featured_media":0,"parent":1290,"menu_order":2,"comment_status":"closed","ping_status":"closed","template":"","meta":{"iawp_total_views":511,"footnotes":""},"class_list":["post-1293","page","type-page","status-publish","hentry"],"_links":{"self":[{"href":"https:\/\/www.nms-gerasdorf.at\/index.php?rest_route=\/wp\/v2\/pages\/1293","targetHints":{"allow":["GET"]}}],"collection":[{"href":"https:\/\/www.nms-gerasdorf.at\/index.php?rest_route=\/wp\/v2\/pages"}],"about":[{"href":"https:\/\/www.nms-gerasdorf.at\/index.php?rest_route=\/wp\/v2\/types\/page"}],"author":[{"embeddable":true,"href":"https:\/\/www.nms-gerasdorf.at\/index.php?rest_route=\/wp\/v2\/users\/1"}],"replies":[{"embeddable":true,"href":"https:\/\/www.nms-gerasdorf.at\/index.php?rest_route=%2Fwp%2Fv2%2Fcomments&post=1293"}],"version-history":[{"count":24,"href":"https:\/\/www.nms-gerasdorf.at\/index.php?rest_route=\/wp\/v2\/pages\/1293\/revisions"}],"predecessor-version":[{"id":2905,"href":"https:\/\/www.nms-gerasdorf.at\/index.php?rest_route=\/wp\/v2\/pages\/1293\/revisions\/2905"}],"up":[{"embeddable":true,"href":"https:\/\/www.nms-gerasdorf.at\/index.php?rest_route=\/wp\/v2\/pages\/1290"}],"wp:attachment":[{"href":"https:\/\/www.nms-gerasdorf.at\/index.php?rest_route=%2Fwp%2Fv2%2Fmedia&parent=1293"}],"curies":[{"name":"wp","href":"https:\/\/api.w.org\/{rel}","templated":true}]}}