{"id":164,"date":"2018-10-27T18:47:42","date_gmt":"2018-10-27T16:47:42","guid":{"rendered":"http:\/\/www.nms-gerasdorf.at\/?page_id=164"},"modified":"2025-07-05T09:58:39","modified_gmt":"2025-07-05T07:58:39","slug":"kontakt","status":"publish","type":"page","link":"https:\/\/www.nms-gerasdorf.at\/?page_id=164","title":{"rendered":"Kontakt"},"content":{"rendered":"<p><span class=\"TextRun SCXW172152118 BCX8\" lang=\"DE-AT\" xml:lang=\"DE-AT\" data-contrast=\"auto\"><span class=\"NormalTextRun SCXW172152118 BCX8\">S\u00fc\u00dfenbrunner<\/span><span class=\"NormalTextRun SCXW172152118 BCX8\"> Stra\u00dfe 2<\/span><\/span><span class=\"LineBreakBlob BlobObject DragDrop SCXW172152118 BCX8\"><br class=\"SCXW172152118 BCX8\" \/><\/span>2201 Gerasdorf\/Wien<br \/>\nTel.: 02246\/2270<br \/>\nE-Mail: s312092@noeschule.at<\/p>\n<p><iframe loading=\"lazy\" style=\"border: 0;\" src=\"https:\/\/www.google.com\/maps\/embed?pb=!1m18!1m12!1m3!1d2654.474995024123!2d16.46904941538362!3d48.2937153482526!2m3!1f0!2f0!3f0!3m2!1i1024!2i768!4f13.1!3m3!1m2!1s0x476d04633f70173d%3A0xdd8227b05e8eeadb!2sHauptschule+Gerasdorf!5e0!3m2!1sde!2sat!4v1540658884969\" width=\"600\" height=\"450\" frameborder=\"0\" allowfullscreen=\"allowfullscreen\"><\/iframe><\/p>\n","protected":false},"excerpt":{"rendered":"<p>S\u00fc\u00dfenbrunner Stra\u00dfe 22201 Gerasdorf\/Wien Tel.: 02246\/2270 E-Mail: s312092@noeschule.at<\/p>\n","protected":false},"author":1,"featured_media":0,"parent":2869,"menu_order":1,"comment_status":"closed","ping_status":"closed","template":"","meta":{"iawp_total_views":706,"footnotes":""},"class_list":["post-164","page","type-page","status-publish","hentry"],"_links":{"self":[{"href":"https:\/\/www.nms-gerasdorf.at\/index.php?rest_route=\/wp\/v2\/pages\/164","targetHints":{"allow":["GET"]}}],"collection":[{"href":"https:\/\/www.nms-gerasdorf.at\/index.php?rest_route=\/wp\/v2\/pages"}],"about":[{"href":"https:\/\/www.nms-gerasdorf.at\/index.php?rest_route=\/wp\/v2\/types\/page"}],"author":[{"embeddable":true,"href":"https:\/\/www.nms-gerasdorf.at\/index.php?rest_route=\/wp\/v2\/users\/1"}],"replies":[{"embeddable":true,"href":"https:\/\/www.nms-gerasdorf.at\/index.php?rest_route=%2Fwp%2Fv2%2Fcomments&post=164"}],"version-history":[{"count":13,"href":"https:\/\/www.nms-gerasdorf.at\/index.php?rest_route=\/wp\/v2\/pages\/164\/revisions"}],"predecessor-version":[{"id":2724,"href":"https:\/\/www.nms-gerasdorf.at\/index.php?rest_route=\/wp\/v2\/pages\/164\/revisions\/2724"}],"up":[{"embeddable":true,"href":"https:\/\/www.nms-gerasdorf.at\/index.php?rest_route=\/wp\/v2\/pages\/2869"}],"wp:attachment":[{"href":"https:\/\/www.nms-gerasdorf.at\/index.php?rest_route=%2Fwp%2Fv2%2Fmedia&parent=164"}],"curies":[{"name":"wp","href":"https:\/\/api.w.org\/{rel}","templated":true}]}}