{"id":1645,"date":"2021-04-20T15:11:59","date_gmt":"2021-04-20T13:11:59","guid":{"rendered":"https:\/\/www.nms-gerasdorf.at\/?page_id=1645"},"modified":"2025-07-05T09:37:37","modified_gmt":"2025-07-05T07:37:37","slug":"digitalisierungskonzept","status":"publish","type":"page","link":"https:\/\/www.nms-gerasdorf.at\/?page_id=1645","title":{"rendered":"Digitalisierungskonzept"},"content":{"rendered":"<p><strong>Welche Ziele werden mit dem 8-Punkteplan verfolgt?<\/strong><\/p>\n<ul>\n<li>Umsetzung des digital unterst\u00fctzen Lehrens und Lernens<\/li>\n<li>Zugang zu einem digitalen Endger\u00e4te (Netbooks) f\u00fcr Sch\u00fclerinnen und Sch\u00fcler seit dem Schuljahr 2021\/22<\/li>\n<li>Verwendung eines Lernplattform und Kommunikationssystems an der Schule<\/li>\n<li>Angebote an innovativen, hochwertigen und qualit\u00e4tsgesicherten Bildungsmedien<\/li>\n<li>Teilnahme an Massive Open Online Course der Lehrerinnen und Lehrer der Schule<\/li>\n<li>Good Practice LernApps f\u00fcr Sch\u00fclerinnen und Sch\u00fcler<\/li>\n<\/ul>\n<p><strong>Umsetzung des 8-Punkteplans:<\/strong><\/p>\n<p>Bereits jetzt wird an der Schule an der Umsetzung gearbeitet. Dazu wurde die Infrastruktur der Schule erweitert. Alle Sch\u00fcler*innen der Schule haben ab sofort die M\u00f6glichkeit \u00fcber einen eigenen Zugang das schulinterne W-LAN f\u00fcr die Bearbeitung digitaler Aufgaben zu nutzen.<\/p>\n<p>Seit dem Schuljahr 2021\/22 arbeiten Sch\u00fcler*innen der ersten Klassen mit einem eigenen digitalen Endger\u00e4t im Unterricht und zu Hause. In den Unterricht werden digitale Materialen integriert und qualit\u00e4tsgesicherte Lern-Apps unterst\u00fctzen beim Lernen.<\/p>\n<p>Durch die Besch\u00e4ftigung mit digitalen Materialen erwerben Sch\u00fcler*innen in allen Gegenst\u00e4nden Fachkompetenzen. In der Verbindlichen \u00dcbung <em>Digitale Grundbildung<\/em> (5.-7. Schulstufe) wird der Grundstein f\u00fcr den verantwortungsvollen und informativen Umgang mit digitalen Medien gelegt.<\/p>\n","protected":false},"excerpt":{"rendered":"<p>Welche Ziele werden mit dem 8-Punkteplan verfolgt? Umsetzung des digital unterst\u00fctzen Lehrens und Lernens Zugang zu einem digitalen Endger\u00e4te (Netbooks)[&#8230;]<\/p>\n","protected":false},"author":1,"featured_media":0,"parent":1613,"menu_order":4,"comment_status":"closed","ping_status":"closed","template":"","meta":{"iawp_total_views":176,"footnotes":""},"class_list":["post-1645","page","type-page","status-publish","hentry"],"_links":{"self":[{"href":"https:\/\/www.nms-gerasdorf.at\/index.php?rest_route=\/wp\/v2\/pages\/1645","targetHints":{"allow":["GET"]}}],"collection":[{"href":"https:\/\/www.nms-gerasdorf.at\/index.php?rest_route=\/wp\/v2\/pages"}],"about":[{"href":"https:\/\/www.nms-gerasdorf.at\/index.php?rest_route=\/wp\/v2\/types\/page"}],"author":[{"embeddable":true,"href":"https:\/\/www.nms-gerasdorf.at\/index.php?rest_route=\/wp\/v2\/users\/1"}],"replies":[{"embeddable":true,"href":"https:\/\/www.nms-gerasdorf.at\/index.php?rest_route=%2Fwp%2Fv2%2Fcomments&post=1645"}],"version-history":[{"count":3,"href":"https:\/\/www.nms-gerasdorf.at\/index.php?rest_route=\/wp\/v2\/pages\/1645\/revisions"}],"predecessor-version":[{"id":2211,"href":"https:\/\/www.nms-gerasdorf.at\/index.php?rest_route=\/wp\/v2\/pages\/1645\/revisions\/2211"}],"up":[{"embeddable":true,"href":"https:\/\/www.nms-gerasdorf.at\/index.php?rest_route=\/wp\/v2\/pages\/1613"}],"wp:attachment":[{"href":"https:\/\/www.nms-gerasdorf.at\/index.php?rest_route=%2Fwp%2Fv2%2Fmedia&parent=1645"}],"curies":[{"name":"wp","href":"https:\/\/api.w.org\/{rel}","templated":true}]}}