{"id":1820,"date":"2021-12-02T11:22:50","date_gmt":"2021-12-02T10:22:50","guid":{"rendered":"https:\/\/www.nms-gerasdorf.at\/?page_id=1820"},"modified":"2025-07-05T09:37:08","modified_gmt":"2025-07-05T07:37:08","slug":"vereinbarungen-fuer-die-nutzung-von-laptops-und-internet-in-der-schule","status":"publish","type":"page","link":"https:\/\/www.nms-gerasdorf.at\/?page_id=1820","title":{"rendered":"Nutzung digitaler Ger\u00e4te in der Schule"},"content":{"rendered":"<p><strong>Vereinbarungen f\u00fcr die Nutzung von Laptops und Internet in der Schule<\/strong><\/p>\n<p><em>Basis f\u00fcr den Umgang miteinander in der Schule \u2013 on- und offline \u2013 ist gegenseitiger Respekt!<\/em><\/p>\n<ul>\n<li>In unserer Schule wollen wir sorgsam mit den Ger\u00e4ten umgehen!<\/li>\n<li>Die Ger\u00e4te d\u00fcrfen nur im Unterricht verwendet werden!<\/li>\n<li>In den Pausen werden die Ger\u00e4te im Ladekasten gelagert!<\/li>\n<li>Jede Sch\u00fclerin, jeder Sch\u00fcler verwendet ausschlie\u00dflich das eigene Ger\u00e4t!<\/li>\n<li>Sch\u00fclerinnen und Sch\u00fcler sind f\u00fcr ihr Ger\u00e4t verantwortlich!<\/li>\n<li>Wird das eigene Ger\u00e4t von einem anderen Sch\u00fcler, von einer anderen Sch\u00fclerin besch\u00e4digt, so\u00a0ist\u00a0diejenige Sch\u00fclerin, derjenige Sch\u00fcler oder deren Eltern\u00a0f\u00fcr die\u00a0Behebung des Schadens\u00a0verantwortlich.<\/li>\n<li>Die Internetnutzung darf den Betrieb in der Schule nicht beeintr\u00e4chtigen oder negativ beeinflussen und auch nicht dem Ansehen der Schule schaden.<sup>1<\/sup><\/li>\n<li>Programme und das Internet d\u00fcrfen nur f\u00fcr Arbeitsauftr\u00e4ge w\u00e4hrend des Schulbetriebes im Unterricht genutzt werden!<sup>2<\/sup><\/li>\n<li>Urheberrechtlich gesch\u00fctztes Material (Musik, Filme, Programme, Fotos \u2026) darf ohne die Zustimmung der Urheberinnen und Urheber der Schule nicht genutzt werden. Auch der Download von Dateien f\u00fcr private Zwecke \u00fcber das Schulnetzwerk ist nicht erlaubt.<sup>1<\/sup><\/li>\n<li>Es d\u00fcrfen nur Fotos und Videos von Personen aufgenommen und im Internet ver\u00f6ffentlicht werden, wenn die Abgebildeten zustimmen und es eine schriftliche Einverst\u00e4ndniserkl\u00e4rung der Eltern gibt.<sup>1<\/sup><\/li>\n<li>Das Nutzen und Verbreiten von illegalen oder f\u00fcr die Sch\u00fclerinnen und Sch\u00fcler ungeeigneten Inhalten ist in der Schule untersagt. Dazu z\u00e4hlen gewalthaltige, rechtsextremistische oder (kinder-) pornografische Inhalte.<sup>1<\/sup><\/li>\n<li>Pers\u00f6nliche Daten d\u00fcrfen Sch\u00fclerinnen und Sch\u00fcler nicht frei zug\u00e4nglich im Internet bekannt geben.<sup>1<\/sup><\/li>\n<li>Werden Internet-Inhalte f\u00fcr Referate, Haus\u00fcbungen o.\u00e4. verwendet, m\u00fcssen die betreffenden Passagen gekennzeichnet und mit einer entsprechenden Quellenangabe versehen werden.<sup>1<\/sup><\/li>\n<li>Der Virenschutz auf eigenen Laptops, Tablets o.\u00e4., die in das Schulnetz eingebunden sind, muss von der Eigent\u00fcmerin und vom Eigent\u00fcmer regelm\u00e4\u00dfig aktualisiert werden. Auch sollte darauf geachtet werden regelm\u00e4\u00dfig System-Updates durchzuf\u00fchren.<sup>1<\/sup><\/li>\n<\/ul>\n<h6>1 <a href=\"https:\/\/www.saferinternet.at\/faq\/lehrende\/wie-kann-eine-internet-und-handy-policy-in-der-schule-aussehen\">https:\/\/www.saferinternet.at\/faq\/lehrende\/wie-kann-eine-internet-und-handy-policy-in-der-schule-aussehen<\/a><\/h6>\n<h6>2 vgl. <a href=\"https:\/\/www.saferinternet.at\/faq\/lehrende\/wie-kann-eine-internet-und-handy-policy-in-der-schule-aussehen\">https:\/\/www.saferinternet.at\/faq\/lehrende\/wie-kann-eine-internet-und-handy-policy-in-der-schule-aussehen<\/a><\/h6>\n<p><strong>Vereinbarungen f\u00fcr die Nutzung von Handys <\/strong><\/p>\n<ul>\n<li>Wir drehen das Handy beim Betreten des Schulhauses ab! Das Ben\u00fctzen des Handys ist auch bei Lehrausg\u00e4ngen verboten! Wird eine Sch\u00fclerin \/ ein Sch\u00fcler mit aufgedrehtem Handy erwischt, ist das Ger\u00e4t vom Sch\u00fcler \/ von der Sch\u00fclerin abzudrehen und wird bis zum Ende des Schultages im Konferenzzimmer verwahrt. Zu Unterrichtsende hat der Sch\u00fcler \/ die Sch\u00fclerin das Ger\u00e4t selbstst\u00e4ndig abzuholen!<\/li>\n<li>Das Handy darf f\u00fcr den Unterricht, auf Aufforderung der Lehrperson aufgedreht werden und hat nach Beendigung der Unterrichtseinheit wieder abgedreht und sicher in der Schultasche verwahrt zu werden!<\/li>\n<\/ul>\n<p>&nbsp;<\/p>\n","protected":false},"excerpt":{"rendered":"<p>Vereinbarungen f\u00fcr die Nutzung von Laptops und Internet in der Schule Basis f\u00fcr den Umgang miteinander in der Schule \u2013[&#8230;]<\/p>\n","protected":false},"author":1,"featured_media":0,"parent":1613,"menu_order":3,"comment_status":"closed","ping_status":"closed","template":"","meta":{"iawp_total_views":83,"footnotes":""},"class_list":["post-1820","page","type-page","status-publish","hentry"],"_links":{"self":[{"href":"https:\/\/www.nms-gerasdorf.at\/index.php?rest_route=\/wp\/v2\/pages\/1820","targetHints":{"allow":["GET"]}}],"collection":[{"href":"https:\/\/www.nms-gerasdorf.at\/index.php?rest_route=\/wp\/v2\/pages"}],"about":[{"href":"https:\/\/www.nms-gerasdorf.at\/index.php?rest_route=\/wp\/v2\/types\/page"}],"author":[{"embeddable":true,"href":"https:\/\/www.nms-gerasdorf.at\/index.php?rest_route=\/wp\/v2\/users\/1"}],"replies":[{"embeddable":true,"href":"https:\/\/www.nms-gerasdorf.at\/index.php?rest_route=%2Fwp%2Fv2%2Fcomments&post=1820"}],"version-history":[{"count":6,"href":"https:\/\/www.nms-gerasdorf.at\/index.php?rest_route=\/wp\/v2\/pages\/1820\/revisions"}],"predecessor-version":[{"id":1828,"href":"https:\/\/www.nms-gerasdorf.at\/index.php?rest_route=\/wp\/v2\/pages\/1820\/revisions\/1828"}],"up":[{"embeddable":true,"href":"https:\/\/www.nms-gerasdorf.at\/index.php?rest_route=\/wp\/v2\/pages\/1613"}],"wp:attachment":[{"href":"https:\/\/www.nms-gerasdorf.at\/index.php?rest_route=%2Fwp%2Fv2%2Fmedia&parent=1820"}],"curies":[{"name":"wp","href":"https:\/\/api.w.org\/{rel}","templated":true}]}}