{"id":220,"date":"2018-11-18T12:23:40","date_gmt":"2018-11-18T11:23:40","guid":{"rendered":"http:\/\/www.nms-gerasdorf.at\/?page_id=220"},"modified":"2025-07-05T09:56:00","modified_gmt":"2025-07-05T07:56:00","slug":"berufsorientierung","status":"publish","type":"page","link":"https:\/\/www.nms-gerasdorf.at\/?page_id=220","title":{"rendered":"Berufsorientierung"},"content":{"rendered":"<h2>Verleihung des WIFI-G\u00fctesiegels f\u00fcr Berufsorientierung<\/h2>\n<p>Unsere Schule wurde am 17. Mai 2019 mit dem WIFI-G\u00fctesiegel f\u00fcr Berufsorientierung ausgezeichnet. Die feierliche \u00dcberreichung fand durch die N\u00d6-Pr\u00e4sidentin der Wirtschaftskammer KR Sonja Zwazl, Herrn Mag. Dr. Norbert Kraker und Herrn Bildungsdirektor Mag. Johann Heuras statt. Das G\u00fctesiegel wird nach einem strengen Kriterienkatalog verliehen. Wir freuen uns \u00fcber diese Auszeichnung.<\/p>\n<p><img loading=\"lazy\" decoding=\"async\" class=\"size-medium wp-image-704 aligncenter\" src=\"https:\/\/www.nms-gerasdorf.at\/wp-content\/uploads\/2019\/05\/BO-Gu\u2560\u00eatesiegel_2022_II-3-275x300.jpg\" alt=\"\" width=\"275\" height=\"300\" srcset=\"https:\/\/www.nms-gerasdorf.at\/wp-content\/uploads\/2019\/05\/BO-Gu\u2560\u00eatesiegel_2022_II-3-275x300.jpg 275w, https:\/\/www.nms-gerasdorf.at\/wp-content\/uploads\/2019\/05\/BO-Gu\u2560\u00eatesiegel_2022_II-3.jpg 624w\" sizes=\"auto, (max-width: 275px) 100vw, 275px\" \/><\/p>\n<p><img loading=\"lazy\" decoding=\"async\" class=\"aligncenter size-full wp-image-679\" src=\"https:\/\/www.nms-gerasdorf.at\/wp-content\/uploads\/2019\/05\/BO_Gutesiegel.jpg\" alt=\"\" width=\"720\" height=\"480\" srcset=\"https:\/\/www.nms-gerasdorf.at\/wp-content\/uploads\/2019\/05\/BO_Gutesiegel.jpg 720w, https:\/\/www.nms-gerasdorf.at\/wp-content\/uploads\/2019\/05\/BO_Gutesiegel-300x200.jpg 300w, https:\/\/www.nms-gerasdorf.at\/wp-content\/uploads\/2019\/05\/BO_Gutesiegel-120x80.jpg 120w, https:\/\/www.nms-gerasdorf.at\/wp-content\/uploads\/2019\/05\/BO_Gutesiegel-360x240.jpg 360w, https:\/\/www.nms-gerasdorf.at\/wp-content\/uploads\/2019\/05\/BO_Gutesiegel-600x400.jpg 600w\" sizes=\"auto, (max-width: 720px) 100vw, 720px\" \/><\/p>\n<p>Verleihung des G\u00fctesiegels f\u00fcr Berufsorientierung an die NN\u00d6MS Gerasdorf.<br \/>\nIm Bild: N\u00d6-Bildungsdirektor Johann Heuras, Sch\u00fclerberaterin Irene Brauneder, Berufsorientierungskoordinatorin Petra Stadlm\u00fcller, Direktorin Irene Scheider, WKN\u00d6-Pr\u00e4sidentin Sonja Zwazl und Vizerektor der P\u00e4dagogischen Hochschule Nieder\u00f6sterreich Norbert Kraker<\/p>\n<p>Copyright: FOTO KRAUS<\/p>\n<p>&nbsp;<\/p>\n<h2>Girl\u00b4s Day der 4. Klassen<\/h2>\n<p>Die M\u00e4dchen der 4. Klassen besuchten die\u00a0AGES, die \u00d6sterreichische Agentur f\u00fcr Gesundheit und Ern\u00e4hrungssicherheit.\u00a0 An verschiedenen Laborstationen konnten die Sch\u00fclerinnen forschen und experimentieren.<\/p>\n<p><img loading=\"lazy\" decoding=\"async\" class=\"alignleft size-medium wp-image-599\" src=\"https:\/\/www.nms-gerasdorf.at\/wp-content\/uploads\/2019\/04\/PHTest-225x300.png\" alt=\"\" width=\"225\" height=\"300\" srcset=\"https:\/\/www.nms-gerasdorf.at\/wp-content\/uploads\/2019\/04\/PHTest-225x300.png 225w, https:\/\/www.nms-gerasdorf.at\/wp-content\/uploads\/2019\/04\/PHTest-768x1024.png 768w, https:\/\/www.nms-gerasdorf.at\/wp-content\/uploads\/2019\/04\/PHTest.png 1200w\" sizes=\"auto, (max-width: 225px) 100vw, 225px\" \/><\/p>\n<h2><\/h2>\n<h2><\/h2>\n<h2>Besuch der HTL Hollabrunn<\/h2>\n<p>Im Rahmen des Girl\u00b4s Day besuchten die M\u00e4dchen der dritten Klassen die HTL Hollabrunn. Dort durften die Sch\u00fclerinnen auch selbst aktiv werden. Speziell die Kunststofftechnik und Lebensmitteltechnik begeisterte unsere M\u00e4dels sehr.<\/p>\n<p><img loading=\"lazy\" decoding=\"async\" class=\"aligncenter size-full wp-image-610\" src=\"https:\/\/www.nms-gerasdorf.at\/wp-content\/uploads\/2019\/04\/GirlsDay3.jpg\" alt=\"\" width=\"720\" height=\"540\" srcset=\"https:\/\/www.nms-gerasdorf.at\/wp-content\/uploads\/2019\/04\/GirlsDay3.jpg 720w, https:\/\/www.nms-gerasdorf.at\/wp-content\/uploads\/2019\/04\/GirlsDay3-300x225.jpg 300w\" sizes=\"auto, (max-width: 720px) 100vw, 720px\" \/><\/p>\n<h2><\/h2>\n<h2><\/h2>\n<h2>Besuch der HAK Korneuburg<\/h2>\n<p>Am 18.12. 2018 besuchten unsere Sch\u00fclerinnen und Sch\u00fcler der 4. Klassen die Handelsakademie in Korneuburg. Es wurde die Schule erkundet und dabei wurden viele &#8222;HAKolinos&#8220; gesammelt, die dann im Anschluss in Getr\u00e4nke und Snacks getauscht werden konnten. Die Jugendlichen hatten einen sehr guten Eindruck von dieser Schule gewonnen.<\/p>\n<h2><img loading=\"lazy\" decoding=\"async\" class=\"alignnone size-medium wp-image-388\" src=\"http:\/\/www.nms-gerasdorf.at\/wp-content\/uploads\/2019\/01\/HAK1-225x300.jpg\" alt=\"\" width=\"225\" height=\"300\" srcset=\"https:\/\/www.nms-gerasdorf.at\/wp-content\/uploads\/2019\/01\/HAK1-225x300.jpg 225w, https:\/\/www.nms-gerasdorf.at\/wp-content\/uploads\/2019\/01\/HAK1.jpg 720w\" sizes=\"auto, (max-width: 225px) 100vw, 225px\" \/> <img loading=\"lazy\" decoding=\"async\" class=\"alignnone size-medium wp-image-391\" src=\"http:\/\/www.nms-gerasdorf.at\/wp-content\/uploads\/2019\/01\/HAK4-300x225.jpg\" alt=\"\" width=\"300\" height=\"225\" srcset=\"https:\/\/www.nms-gerasdorf.at\/wp-content\/uploads\/2019\/01\/HAK4-300x225.jpg 300w, https:\/\/www.nms-gerasdorf.at\/wp-content\/uploads\/2019\/01\/HAK4-768x576.jpg 768w, https:\/\/www.nms-gerasdorf.at\/wp-content\/uploads\/2019\/01\/HAK4.jpg 1024w\" sizes=\"auto, (max-width: 300px) 100vw, 300px\" \/> <img loading=\"lazy\" decoding=\"async\" class=\"alignleft size-medium wp-image-390\" src=\"http:\/\/www.nms-gerasdorf.at\/wp-content\/uploads\/2019\/01\/HAK3-225x300.jpg\" alt=\"\" width=\"225\" height=\"300\" srcset=\"https:\/\/www.nms-gerasdorf.at\/wp-content\/uploads\/2019\/01\/HAK3-225x300.jpg 225w, https:\/\/www.nms-gerasdorf.at\/wp-content\/uploads\/2019\/01\/HAK3.jpg 720w\" sizes=\"auto, (max-width: 225px) 100vw, 225px\" \/> <img loading=\"lazy\" decoding=\"async\" class=\"alignnone size-medium wp-image-389\" src=\"http:\/\/www.nms-gerasdorf.at\/wp-content\/uploads\/2019\/01\/HAK2-225x300.jpg\" alt=\"\" width=\"225\" height=\"300\" srcset=\"https:\/\/www.nms-gerasdorf.at\/wp-content\/uploads\/2019\/01\/HAK2-225x300.jpg 225w, https:\/\/www.nms-gerasdorf.at\/wp-content\/uploads\/2019\/01\/HAK2.jpg 720w\" sizes=\"auto, (max-width: 225px) 100vw, 225px\" \/><\/h2>\n<h2><\/h2>\n<h2><\/h2>\n<p>&nbsp;<\/p>\n<h2>Betriebsbesichtigung<\/h2>\n<div>Die 3c\u00a0 besichtigte den gr\u00f6\u00dften Ford H\u00e4ndler, MVC Motors, in Wien Floridsdorf. Die Jugendlichen lernten verschiedene Lehrberufe rund um die Automobilindustrie kennen. Bei diversen Stationen konnten die Sch\u00fclerinnen und Sch\u00fcler in verschiedene T\u00e4tigkeitsbereiche hineinschnuppern.<\/div>\n<div><\/div>\n<div><img loading=\"lazy\" decoding=\"async\" class=\"aligncenter size-large wp-image-370\" src=\"http:\/\/www.nms-gerasdorf.at\/wp-content\/uploads\/2018\/12\/48374361_522752364871052_1766749979918991360_n-1024x768.jpg\" alt=\"\" width=\"840\" height=\"630\" srcset=\"https:\/\/www.nms-gerasdorf.at\/wp-content\/uploads\/2018\/12\/48374361_522752364871052_1766749979918991360_n-1024x768.jpg 1024w, https:\/\/www.nms-gerasdorf.at\/wp-content\/uploads\/2018\/12\/48374361_522752364871052_1766749979918991360_n-300x225.jpg 300w, https:\/\/www.nms-gerasdorf.at\/wp-content\/uploads\/2018\/12\/48374361_522752364871052_1766749979918991360_n-768x576.jpg 768w, https:\/\/www.nms-gerasdorf.at\/wp-content\/uploads\/2018\/12\/48374361_522752364871052_1766749979918991360_n.jpg 2048w\" sizes=\"auto, (max-width: 840px) 100vw, 840px\" \/><\/div>\n<h2><\/h2>\n<p>&nbsp;<\/p>\n<h2>Bewerbungstraining<\/h2>\n<div>Ende November besuchten Sch\u00fclerinnen und Sch\u00fcler der 4. Klassen im Rahmen des BO-Unterrichtes das AMS in G\u00e4nserndorf.<\/div>\n<div>Dort nahmen alle an einem interessanten Bewerbungsworkshop teil und unsere Jugendlichen erhielten gute Tipps f\u00fcr ihre zuk\u00fcnftigen Bewerbungsgespr\u00e4che.<\/div>\n<div><img loading=\"lazy\" decoding=\"async\" class=\"alignleft size-medium wp-image-357\" src=\"http:\/\/www.nms-gerasdorf.at\/wp-content\/uploads\/2018\/12\/Bewerbung1-300x200.jpg\" alt=\"\" width=\"300\" height=\"200\" srcset=\"https:\/\/www.nms-gerasdorf.at\/wp-content\/uploads\/2018\/12\/Bewerbung1-300x200.jpg 300w, https:\/\/www.nms-gerasdorf.at\/wp-content\/uploads\/2018\/12\/Bewerbung1-768x513.jpg 768w, https:\/\/www.nms-gerasdorf.at\/wp-content\/uploads\/2018\/12\/Bewerbung1-1024x684.jpg 1024w, https:\/\/www.nms-gerasdorf.at\/wp-content\/uploads\/2018\/12\/Bewerbung1-840x560.jpg 840w, https:\/\/www.nms-gerasdorf.at\/wp-content\/uploads\/2018\/12\/Bewerbung1-120x80.jpg 120w, https:\/\/www.nms-gerasdorf.at\/wp-content\/uploads\/2018\/12\/Bewerbung1-360x240.jpg 360w, https:\/\/www.nms-gerasdorf.at\/wp-content\/uploads\/2018\/12\/Bewerbung1-600x400.jpg 600w\" sizes=\"auto, (max-width: 300px) 100vw, 300px\" \/><\/div>\n<div><img loading=\"lazy\" decoding=\"async\" class=\"alignleft size-medium wp-image-358\" src=\"http:\/\/www.nms-gerasdorf.at\/wp-content\/uploads\/2018\/12\/Bewerbung2-300x200.jpg\" alt=\"\" width=\"300\" height=\"200\" srcset=\"https:\/\/www.nms-gerasdorf.at\/wp-content\/uploads\/2018\/12\/Bewerbung2-300x200.jpg 300w, https:\/\/www.nms-gerasdorf.at\/wp-content\/uploads\/2018\/12\/Bewerbung2-768x512.jpg 768w, https:\/\/www.nms-gerasdorf.at\/wp-content\/uploads\/2018\/12\/Bewerbung2-1024x683.jpg 1024w, https:\/\/www.nms-gerasdorf.at\/wp-content\/uploads\/2018\/12\/Bewerbung2-840x560.jpg 840w, https:\/\/www.nms-gerasdorf.at\/wp-content\/uploads\/2018\/12\/Bewerbung2-120x80.jpg 120w, https:\/\/www.nms-gerasdorf.at\/wp-content\/uploads\/2018\/12\/Bewerbung2-360x240.jpg 360w, https:\/\/www.nms-gerasdorf.at\/wp-content\/uploads\/2018\/12\/Bewerbung2-600x400.jpg 600w\" sizes=\"auto, (max-width: 300px) 100vw, 300px\" \/><\/div>\n<div><\/div>\n<h2><\/h2>\n<p>&nbsp;<\/p>\n<h2>Berufsinformationsabend<\/h2>\n<p>Ein Elternabend im Rahmen der Berufsorientierung fand am 13.11. 2018 in unserer Schule statt. Eltern und Sch\u00fclerinnen und Sch\u00fcler der achten Schulstufe waren eingeladen, sich mit dem Thema \u201e14 \u2013 was nun?\u201c auseinander zu setzen. Frau Dir.in Irene Scheider stellte folgende Referenten vor:<\/p>\n<ul>\n<li>BORG Deutsch-Wagram \u00a0\u00a0\u00a0\u00a0\u00a0\u00a0\u00a0 Mag.a Schober<\/li>\n<li>BAfEP\/HLW Mistelbach\u00a0 \u00a0 \u00a0 \u00a0 \u00a0 Mag.a Piringer \/Hr. Dr. Bracher<\/li>\n<li>TGM Wien\u00a0 \u00a0 \u00a0 \u00a0 \u00a0 \u00a0 \u00a0 \u00a0 \u00a0 \u00a0 \u00a0 \u00a0 \u00a0 \u00a0 \u00a0 \u00a0 \u00a0 \u00a0Dr. Schuhmayer<\/li>\n<li>PTS Mistelbach\u00a0 \u00a0 \u00a0 \u00a0 \u00a0 \u00a0 \u00a0 \u00a0 \u00a0 \u00a0 \u00a0 \u00a0 \u00a0Direktorin Helmer<\/li>\n<li>AMS\u00a0 \u00a0 \u00a0 \u00a0 \u00a0 \u00a0 \u00a0 \u00a0 \u00a0 \u00a0 \u00a0 \u00a0 \u00a0 \u00a0 \u00a0 \u00a0 \u00a0 \u00a0 \u00a0 \u00a0 \u00a0 \u00a0 \u00a0 Mag. Hos<\/li>\n<\/ul>\n<p>Es war ein sehr interessanter und informativer Abend, denn einig waren sich alle Teilnehmerinnen und Teilnehmer \u00fcber die Wichtigkeit sich \u00fcber die M\u00f6glichkeiten der weitern Ausbildung zu informieren.<\/p>\n<p>Wir danken allen Referentinnen und Referenten und freuen uns schon auf eine Fortsetzung im n\u00e4chsten Jahr!<br \/>\n<img loading=\"lazy\" decoding=\"async\" class=\"alignleft size-medium wp-image-257\" src=\"http:\/\/www.nms-gerasdorf.at\/wp-content\/uploads\/2018\/11\/BOabend3-300x225.jpg\" alt=\"\" width=\"300\" height=\"225\" srcset=\"https:\/\/www.nms-gerasdorf.at\/wp-content\/uploads\/2018\/11\/BOabend3-300x225.jpg 300w, https:\/\/www.nms-gerasdorf.at\/wp-content\/uploads\/2018\/11\/BOabend3-768x576.jpg 768w, https:\/\/www.nms-gerasdorf.at\/wp-content\/uploads\/2018\/11\/BOabend3.jpg 1024w\" sizes=\"auto, (max-width: 300px) 100vw, 300px\" \/><img loading=\"lazy\" decoding=\"async\" class=\"alignleft size-medium wp-image-258\" src=\"http:\/\/www.nms-gerasdorf.at\/wp-content\/uploads\/2018\/11\/BOabend4-300x225.jpg\" alt=\"\" width=\"300\" height=\"225\" srcset=\"https:\/\/www.nms-gerasdorf.at\/wp-content\/uploads\/2018\/11\/BOabend4-300x225.jpg 300w, https:\/\/www.nms-gerasdorf.at\/wp-content\/uploads\/2018\/11\/BOabend4-768x576.jpg 768w, https:\/\/www.nms-gerasdorf.at\/wp-content\/uploads\/2018\/11\/BOabend4.jpg 1024w\" sizes=\"auto, (max-width: 300px) 100vw, 300px\" \/><\/p>\n<p><img loading=\"lazy\" decoding=\"async\" class=\"alignleft size-medium wp-image-256\" src=\"http:\/\/www.nms-gerasdorf.at\/wp-content\/uploads\/2018\/11\/BOabend2-300x225.jpg\" alt=\"\" width=\"300\" height=\"225\" srcset=\"https:\/\/www.nms-gerasdorf.at\/wp-content\/uploads\/2018\/11\/BOabend2-300x225.jpg 300w, https:\/\/www.nms-gerasdorf.at\/wp-content\/uploads\/2018\/11\/BOabend2-768x576.jpg 768w, https:\/\/www.nms-gerasdorf.at\/wp-content\/uploads\/2018\/11\/BOabend2.jpg 1024w\" sizes=\"auto, (max-width: 300px) 100vw, 300px\" \/><\/p>\n<p><img loading=\"lazy\" decoding=\"async\" class=\"alignleft size-medium wp-image-255\" src=\"http:\/\/www.nms-gerasdorf.at\/wp-content\/uploads\/2018\/11\/BOabend1-300x225.jpg\" alt=\"\" width=\"300\" height=\"225\" srcset=\"https:\/\/www.nms-gerasdorf.at\/wp-content\/uploads\/2018\/11\/BOabend1-300x225.jpg 300w, https:\/\/www.nms-gerasdorf.at\/wp-content\/uploads\/2018\/11\/BOabend1-768x576.jpg 768w, https:\/\/www.nms-gerasdorf.at\/wp-content\/uploads\/2018\/11\/BOabend1.jpg 1024w\" sizes=\"auto, (max-width: 300px) 100vw, 300px\" \/><\/p>\n","protected":false},"excerpt":{"rendered":"<p>Verleihung des WIFI-G\u00fctesiegels f\u00fcr Berufsorientierung Unsere Schule wurde am 17. Mai 2019 mit dem WIFI-G\u00fctesiegel f\u00fcr Berufsorientierung ausgezeichnet. Die feierliche[&#8230;]<\/p>\n","protected":false},"author":1,"featured_media":0,"parent":0,"menu_order":6,"comment_status":"closed","ping_status":"closed","template":"","meta":{"iawp_total_views":71,"footnotes":""},"class_list":["post-220","page","type-page","status-publish","hentry"],"_links":{"self":[{"href":"https:\/\/www.nms-gerasdorf.at\/index.php?rest_route=\/wp\/v2\/pages\/220","targetHints":{"allow":["GET"]}}],"collection":[{"href":"https:\/\/www.nms-gerasdorf.at\/index.php?rest_route=\/wp\/v2\/pages"}],"about":[{"href":"https:\/\/www.nms-gerasdorf.at\/index.php?rest_route=\/wp\/v2\/types\/page"}],"author":[{"embeddable":true,"href":"https:\/\/www.nms-gerasdorf.at\/index.php?rest_route=\/wp\/v2\/users\/1"}],"replies":[{"embeddable":true,"href":"https:\/\/www.nms-gerasdorf.at\/index.php?rest_route=%2Fwp%2Fv2%2Fcomments&post=220"}],"version-history":[{"count":20,"href":"https:\/\/www.nms-gerasdorf.at\/index.php?rest_route=\/wp\/v2\/pages\/220\/revisions"}],"predecessor-version":[{"id":1939,"href":"https:\/\/www.nms-gerasdorf.at\/index.php?rest_route=\/wp\/v2\/pages\/220\/revisions\/1939"}],"wp:attachment":[{"href":"https:\/\/www.nms-gerasdorf.at\/index.php?rest_route=%2Fwp%2Fv2%2Fmedia&parent=220"}],"curies":[{"name":"wp","href":"https:\/\/api.w.org\/{rel}","templated":true}]}}