{"id":732,"date":"2019-06-04T09:18:27","date_gmt":"2019-06-04T07:18:27","guid":{"rendered":"https:\/\/www.nms-gerasdorf.at\/?page_id=732"},"modified":"2025-07-05T09:59:25","modified_gmt":"2025-07-05T07:59:25","slug":"impressum","status":"publish","type":"page","link":"https:\/\/www.nms-gerasdorf.at\/?page_id=732","title":{"rendered":"Impressum"},"content":{"rendered":"<p>NMS Gerasdorf<br \/>\n<span class=\"TextRun SCXW172152118 BCX8\" lang=\"DE-AT\" xml:lang=\"DE-AT\" data-contrast=\"auto\"><span class=\"NormalTextRun SCXW172152118 BCX8\">S\u00fc\u00dfenbrunner<\/span><span class=\"NormalTextRun SCXW172152118 BCX8\"> Stra\u00dfe 2<\/span><\/span><br \/>\n2201 Gerasdorf\/Wien<\/p>\n<p>Vertreten durch: Scheider Irene (Direktorin)<\/p>\n<p>Kontakt:<\/p>\n<p>Tel.: 02246\/2270<br \/>\nE-Mail:\u00a0nms.gerasdorf@noeschule.at<\/p>\n<p>Aufsichtsbeh\u00f6rde: Bildungsdirektion f\u00fcr Nieder\u00f6sterreich<\/p>\n<p>Verantwortlich f\u00fcr den Inhalt:<\/p>\n<p>NMS Gerasdorf<br \/>\n<span class=\"TextRun SCXW172152118 BCX8\" lang=\"DE-AT\" xml:lang=\"DE-AT\" data-contrast=\"auto\"><span class=\"NormalTextRun SCXW172152118 BCX8\">S\u00fc\u00dfenbrunner<\/span><span class=\"NormalTextRun SCXW172152118 BCX8\"> Stra\u00dfe 2<\/span><\/span><br \/>\n2201 Gerasdorf\/Wien<\/p>\n<p>Haftungsausschluss:<\/p>\n<p><strong>Haftung f\u00fcr Inhalte<\/strong><\/p>\n<p>Die Inhalte unserer Seiten wurden mit gr\u00f6\u00dfter Sorgfalt erstellt. F\u00fcr die Richtigkeit, Vollst\u00e4ndigkeit und Aktualit\u00e4t der Inhalte k\u00f6nnen wir jedoch keine Gew\u00e4hr \u00fcbernehmen.<\/p>\n<p><strong>Haftung f\u00fcr Links<\/strong><\/p>\n<p>Unser Angebot enth\u00e4lt Links zu externen Webseiten Dritter, auf deren Inhalte wir keinen Einfluss haben. Deshalb k\u00f6nnen wir f\u00fcr diese fremden Inhalte auch keine Gew\u00e4hr \u00fcbernehmen. F\u00fcr die Inhalte der verlinkten Seiten ist stets der jeweilige Anbieter oder Betreiber der Seiten verantwortlich. Die verlinkten Seiten wurden zum Zeitpunkt der Verlinkung auf m\u00f6gliche Rechtsverst\u00f6\u00dfe \u00fcberpr\u00fcft. Rechtswidrige Inhalte waren zum Zeitpunkt der Verlinkung nicht erkennbar. Eine permanente inhaltliche Kontrolle der verlinkten Seiten ist jedoch ohne konkrete Anhaltspunkte einer Rechtsverletzung nicht zumutbar. Bei Bekanntwerden von Rechtsverletzungen werden wir derartige Links umgehend entfernen.<\/p>\n<p><strong>Urheberrecht<\/strong><\/p>\n<p>Die durch die Seitenbetreiber erstellten Inhalte und Werke auf diesen Seiten unterliegen dem \u00f6sterreichischen Urheberrecht. Die Vervielf\u00e4ltigung, Bearbeitung, Verbreitung und jede Art der Verwertung au\u00dferhalb der Grenzen des Urheberrechtes bed\u00fcrfen der schriftlichen Zustimmung des jeweiligen Autors bzw. Erstellers. Downloads und Kopien dieser Seite sind nur f\u00fcr den privaten, nicht kommerziellen Gebrauch gestattet. Soweit die Inhalte auf dieser Seite nicht vom Betreiber erstellt wurden, werden die Urheberrechte Dritter beachtet. Insbesondere werden Inhalte Dritter als solche gekennzeichnet. Sollten Sie trotzdem auf eine Urheberrechtsverletzung aufmerksam werden, bitten wir um einen entsprechenden Hinweis. Bei Bekanntwerden von Rechtsverletzungen werden wir derartige Inhalte umgehend entfernen.<\/p>\n<p><strong>Datenschutz<\/strong><\/p>\n<p>Die Nutzung unserer Webseite ist in der Regel ohne Angabe personenbezogener Daten m\u00f6glich. Soweit auf unseren Seiten personenbezogene Daten (beispielsweise Name, Anschrift oder Email-Adressen) erhoben werden, erfolgt dies, soweit m\u00f6glich, stets auf freiwilliger Basis. Diese Daten werden ohne Ihre ausdr\u00fcckliche Zustimmung nicht an Dritte weitergegeben.<\/p>\n<p>Wir weisen darauf hin, dass die Daten\u00fcbertragung im Internet (z.B. bei der Kommunikation per E-Mail) Sicherheitsl\u00fccken aufweisen kann. Ein l\u00fcckenloser Schutz der Daten vor dem Zugriff durch Dritte ist nicht m\u00f6glich.<\/p>\n<p>Der Nutzung von im Rahmen der Impressumspflicht ver\u00f6ffentlichten Kontaktdaten durch Dritte zur \u00dcbersendung von nicht ausdr\u00fccklich angeforderter Werbung und Informationsmaterialien wird hiermit ausdr\u00fccklich widersprochen. Die Betreiber der Seiten behalten sich ausdr\u00fccklich rechtliche Schritte im Falle der unverlangten Zusendung von Werbeinformationen, etwa durch Spam-Mails, vor.<\/p>\n<p>Wir, die NMS Gerasdorf, untersagen die automatisierte Datenverarbeitung (durch Crawler, Bots oder \u00e4hnliche KI unterst\u00fctze Verfahren) sowie den manuellen \u00dcbertrag der Klarnamen unserer P\u00e4dagoginnen und P\u00e4dagogen auf\/von Drittdienste(n) (Webseiten und Apps), insbesondere solche Dienste mit dem Zweck die Leistung des Personals der Schule \u00f6ffentlich zu bewerten und darzustellen.<\/p>\n","protected":false},"excerpt":{"rendered":"<p>NMS Gerasdorf S\u00fc\u00dfenbrunner Stra\u00dfe 2 2201 Gerasdorf\/Wien Vertreten durch: Scheider Irene (Direktorin) Kontakt: Tel.: 02246\/2270 E-Mail:\u00a0nms.gerasdorf@noeschule.at Aufsichtsbeh\u00f6rde: Bildungsdirektion f\u00fcr Nieder\u00f6sterreich[&#8230;]<\/p>\n","protected":false},"author":1,"featured_media":0,"parent":2869,"menu_order":2,"comment_status":"closed","ping_status":"closed","template":"","meta":{"iawp_total_views":118,"footnotes":""},"class_list":["post-732","page","type-page","status-publish","hentry"],"_links":{"self":[{"href":"https:\/\/www.nms-gerasdorf.at\/index.php?rest_route=\/wp\/v2\/pages\/732","targetHints":{"allow":["GET"]}}],"collection":[{"href":"https:\/\/www.nms-gerasdorf.at\/index.php?rest_route=\/wp\/v2\/pages"}],"about":[{"href":"https:\/\/www.nms-gerasdorf.at\/index.php?rest_route=\/wp\/v2\/types\/page"}],"author":[{"embeddable":true,"href":"https:\/\/www.nms-gerasdorf.at\/index.php?rest_route=\/wp\/v2\/users\/1"}],"replies":[{"embeddable":true,"href":"https:\/\/www.nms-gerasdorf.at\/index.php?rest_route=%2Fwp%2Fv2%2Fcomments&post=732"}],"version-history":[{"count":5,"href":"https:\/\/www.nms-gerasdorf.at\/index.php?rest_route=\/wp\/v2\/pages\/732\/revisions"}],"predecessor-version":[{"id":2726,"href":"https:\/\/www.nms-gerasdorf.at\/index.php?rest_route=\/wp\/v2\/pages\/732\/revisions\/2726"}],"up":[{"embeddable":true,"href":"https:\/\/www.nms-gerasdorf.at\/index.php?rest_route=\/wp\/v2\/pages\/2869"}],"wp:attachment":[{"href":"https:\/\/www.nms-gerasdorf.at\/index.php?rest_route=%2Fwp%2Fv2%2Fmedia&parent=732"}],"curies":[{"name":"wp","href":"https:\/\/api.w.org\/{rel}","templated":true}]}}