{"id":909,"date":"2019-10-10T10:06:41","date_gmt":"2019-10-10T08:06:41","guid":{"rendered":"https:\/\/www.nms-gerasdorf.at\/?page_id=909"},"modified":"2026-01-07T13:35:16","modified_gmt":"2026-01-07T12:35:16","slug":"anmeldung","status":"publish","type":"page","link":"https:\/\/www.nms-gerasdorf.at\/?page_id=909","title":{"rendered":"Anmeldung"},"content":{"rendered":"\n<p><strong>Sehr geehrte Erziehungsberechtigte!<\/strong><br><br>Eine fristgerechte Anmeldung erleichtert die Planung f\u00fcr das kommende Schuljahr. F\u00fcr N\u00d6 Mittelschulen bestehen <strong>wohnsitzabh\u00e4ngige Pflichtsprengel<\/strong>. Auf einen Schulplatz im Pflichtsprengel besteht ein gesetzlicher Anspruch. <br>Sie k\u00f6nnen Ihr Kind fr\u00fchestens mit der Schulnachricht der 4. Klasse Volksschule (Ende des 1. Semesters) an der sprengelm\u00e4\u00dfig zust\u00e4ndigen N\u00d6 Mittelschule anmelden. Dabei ist der<strong> Wohnsitz des Kindes nachzuweisen<\/strong>. <br>F\u00fcr alle Sch\u00fclerinnen und Sch\u00fcler, die eine N\u00d6 Mittelschule au\u00dferhalb ihres Pflichtsprengels besuchen wollen, ist ein diesbez\u00fcgliches Gesuch rechtzeitig bei der Schulleitung der Wunschschule einzubringen.<br><\/p>\n\n\n\n<p>Anmeldungen f\u00fcr die n\u00e4chsten ersten Klassen, f\u00fcr das <strong>Schuljahr 2026\/27<\/strong>, finden vom <strong>09.02.2026 bis 14.02.2026 <\/strong>in der Direktion statt. Eine Terminvereinbarung daf\u00fcr ist jederzeit per Telefon (02246\/2270) m\u00f6glich.<\/p>\n\n\n\n<p>F\u00fcr die Einschreibung ben\u00f6tigen Sie folgende Unterlagen:<\/p>\n\n\n\n<ul class=\"wp-block-list\">\n<li>das ausgef\u00fcllte <a href=\"https:\/\/www.nms-gerasdorf.at\/wp-content\/uploads\/2024\/11\/Anmeldung_ab_2024-1.pdf\" data-type=\"attachment\" data-id=\"2737\">Anmeldeformular <\/a><\/li>\n\n\n\n<li>Geburtsurkunde<\/li>\n\n\n\n<li>Meldezettel (Hauptwohnsitz Gerasdorf bei Wien)<\/li>\n\n\n\n<li>Zeugnis 4. Klasse Volksschule (Original)<\/li>\n\n\n\n<li>Staatsb\u00fcrgerschaftsnachweis<\/li>\n\n\n\n<li>E-Card<\/li>\n<\/ul>\n\n\n\n<p>Sollten Sie den &#8222;Tag der Offenen T\u00fcr&#8220; vers\u00e4umt haben, ersuche ich Sie um Terminvereinbarung f\u00fcr F\u00fchrungen in Kleingruppen an der Mittelschule Gerasdorf. Sie k\u00f6nnen sich auch das Video zur Schulf\u00fchrung ansehen : <a href=\"https:\/\/nmsgerasdorf-my.sharepoint.com\/:v:\/g\/personal\/elisabeth_drah_hsgerasdorf_ac_at\/EcfTA2XrqhBLnjHjeHtl-jcBVgzgi604Ud5Viljtql_cGw?e=RznK4N\">Video der N\u00d6MS Gerasdorf<\/a><\/p>\n","protected":false},"excerpt":{"rendered":"<p>Sehr geehrte Erziehungsberechtigte! Eine fristgerechte Anmeldung erleichtert die Planung f\u00fcr das kommende Schuljahr. F\u00fcr N\u00d6 Mittelschulen bestehen wohnsitzabh\u00e4ngige Pflichtsprengel. Auf[&#8230;]<\/p>\n","protected":false},"author":1,"featured_media":0,"parent":1290,"menu_order":1,"comment_status":"closed","ping_status":"closed","template":"","meta":{"iawp_total_views":386,"footnotes":""},"class_list":["post-909","page","type-page","status-publish","hentry"],"_links":{"self":[{"href":"https:\/\/www.nms-gerasdorf.at\/index.php?rest_route=\/wp\/v2\/pages\/909","targetHints":{"allow":["GET"]}}],"collection":[{"href":"https:\/\/www.nms-gerasdorf.at\/index.php?rest_route=\/wp\/v2\/pages"}],"about":[{"href":"https:\/\/www.nms-gerasdorf.at\/index.php?rest_route=\/wp\/v2\/types\/page"}],"author":[{"embeddable":true,"href":"https:\/\/www.nms-gerasdorf.at\/index.php?rest_route=\/wp\/v2\/users\/1"}],"replies":[{"embeddable":true,"href":"https:\/\/www.nms-gerasdorf.at\/index.php?rest_route=%2Fwp%2Fv2%2Fcomments&post=909"}],"version-history":[{"count":27,"href":"https:\/\/www.nms-gerasdorf.at\/index.php?rest_route=\/wp\/v2\/pages\/909\/revisions"}],"predecessor-version":[{"id":2990,"href":"https:\/\/www.nms-gerasdorf.at\/index.php?rest_route=\/wp\/v2\/pages\/909\/revisions\/2990"}],"up":[{"embeddable":true,"href":"https:\/\/www.nms-gerasdorf.at\/index.php?rest_route=\/wp\/v2\/pages\/1290"}],"wp:attachment":[{"href":"https:\/\/www.nms-gerasdorf.at\/index.php?rest_route=%2Fwp%2Fv2%2Fmedia&parent=909"}],"curies":[{"name":"wp","href":"https:\/\/api.w.org\/{rel}","templated":true}]}}